{"id":278,"date":"2024-11-20T13:44:24","date_gmt":"2024-11-20T13:44:24","guid":{"rendered":"https:\/\/www.asociaciongospel.com\/?page_id=278"},"modified":"2026-01-29T18:37:24","modified_gmt":"2026-01-29T18:37:24","slug":"actividades","status":"publish","type":"page","link":"https:\/\/www.asociaciongospel.com\/index.php\/actividades\/","title":{"rendered":"ACTIVIDADES"},"content":{"rendered":"\t\t<div data-elementor-type=\"wp-page\" data-elementor-id=\"278\" class=\"elementor elementor-278\" data-elementor-post-type=\"page\">\n\t\t\t\t<div class=\"elementor-element elementor-element-9c25597 e-flex e-con-boxed e-con e-parent\" data-id=\"9c25597\" data-element_type=\"container\" data-e-type=\"container\">\n\t\t\t\t\t<div class=\"e-con-inner\">\n\t\t<div class=\"elementor-element elementor-element-8aae43b e-con-full e-flex e-con e-child\" data-id=\"8aae43b\" data-element_type=\"container\" data-e-type=\"container\" data-settings=\"{&quot;background_background&quot;:&quot;classic&quot;}\">\n\t\t\t\t<div class=\"elementor-element elementor-element-eb1e6b6 elementor-widget elementor-widget-heading\" data-id=\"eb1e6b6\" data-element_type=\"widget\" data-e-type=\"widget\" data-widget_type=\"heading.default\">\n\t\t\t\t<div class=\"elementor-widget-container\">\n\t\t\t\t\t<h2 class=\"elementor-heading-title elementor-size-default\">Actividades<\/h2>\t\t\t\t<\/div>\n\t\t\t\t<\/div>\n\t\t\t\t<div class=\"elementor-element elementor-element-610c07b elementor-widget elementor-widget-text-editor\" data-id=\"610c07b\" data-element_type=\"widget\" data-e-type=\"widget\" data-widget_type=\"text-editor.default\">\n\t\t\t\t<div class=\"elementor-widget-container\">\n\t\t\t\t\t\t\t\t\t<p class=\"font_8 wixui-rich-text__text\">Con el fin de cumplir la misi\u00f3n y valores de la asociaci\u00f3n se llevan a cabo 3 diferentes actividades:<\/p>\t\t\t\t\t\t\t\t<\/div>\n\t\t\t\t<\/div>\n\t\t<div class=\"elementor-element elementor-element-96add39 e-con-full e-flex e-con e-child\" data-id=\"96add39\" data-element_type=\"container\" data-e-type=\"container\" data-settings=\"{&quot;background_background&quot;:&quot;classic&quot;}\">\n\t\t<div class=\"elementor-element elementor-element-117e8a3 e-con-full e-flex e-con e-child\" data-id=\"117e8a3\" data-element_type=\"container\" data-e-type=\"container\">\n\t\t\t\t<div class=\"elementor-element elementor-element-c7a0ec8 elementor-widget elementor-widget-heading\" data-id=\"c7a0ec8\" data-element_type=\"widget\" data-e-type=\"widget\" data-widget_type=\"heading.default\">\n\t\t\t\t<div class=\"elementor-widget-container\">\n\t\t\t\t\t<h2 class=\"elementor-heading-title elementor-size-default\">Ensayos y formaci\u00f3n del coro<\/h2>\t\t\t\t<\/div>\n\t\t\t\t<\/div>\n\t\t\t\t<div class=\"elementor-element elementor-element-4f65133 elementor-widget elementor-widget-text-editor\" data-id=\"4f65133\" data-element_type=\"widget\" data-e-type=\"widget\" data-widget_type=\"text-editor.default\">\n\t\t\t\t<div class=\"elementor-widget-container\">\n\t\t\t\t\t\t\t\t\t<p>La formaci\u00f3n musical es tanto para las voces como para los m\u00fasicos.\u00a0Los componentes del grupo se ejercitan en t\u00e9cnicas de respiraci\u00f3n e interpretaci\u00f3n; en conocer lineamientos b\u00e1sicos de lenguaje musical; en trabajar cada tipo de voz por separado (altos, contraltos, tenores y sopranos) y se organizan talleres de m\u00fasica enfocados en el crecimiento t\u00e9cnico del grupo. En el transcurso de estos ensayos surgen composiciones nuevas, canciones compuestas por ellos mismos.<\/p>\t\t\t\t\t\t\t\t<\/div>\n\t\t\t\t<\/div>\n\t\t\t\t<\/div>\n\t\t<div class=\"elementor-element elementor-element-00a6c11 e-con-full e-flex e-con e-child\" data-id=\"00a6c11\" data-element_type=\"container\" data-e-type=\"container\">\n\t\t\t\t<div class=\"elementor-element elementor-element-f757b97 elementor-widget elementor-widget-image\" data-id=\"f757b97\" data-element_type=\"widget\" data-e-type=\"widget\" data-widget_type=\"image.default\">\n\t\t\t\t<div class=\"elementor-widget-container\">\n\t\t\t\t\t\t\t\t\t\t\t\t\t\t\t<img fetchpriority=\"high\" decoding=\"async\" width=\"800\" height=\"450\" src=\"https:\/\/www.asociaciongospel.com\/wp-content\/uploads\/2025\/02\/DSC05445-1024x576.jpg\" class=\"attachment-large size-large wp-image-1318\" alt=\"\" srcset=\"https:\/\/www.asociaciongospel.com\/wp-content\/uploads\/2025\/02\/DSC05445-1024x576.jpg 1024w, https:\/\/www.asociaciongospel.com\/wp-content\/uploads\/2025\/02\/DSC05445-300x169.jpg 300w, https:\/\/www.asociaciongospel.com\/wp-content\/uploads\/2025\/02\/DSC05445-768x432.jpg 768w, https:\/\/www.asociaciongospel.com\/wp-content\/uploads\/2025\/02\/DSC05445-1536x864.jpg 1536w, https:\/\/www.asociaciongospel.com\/wp-content\/uploads\/2025\/02\/DSC05445-2048x1152.jpg 2048w\" sizes=\"(max-width: 800px) 100vw, 800px\" \/>\t\t\t\t\t\t\t\t\t\t\t\t\t\t\t<\/div>\n\t\t\t\t<\/div>\n\t\t\t\t<\/div>\n\t\t\t\t<\/div>\n\t\t<div class=\"elementor-element elementor-element-f009966 e-con-full e-flex e-con e-child\" data-id=\"f009966\" data-element_type=\"container\" data-e-type=\"container\" data-settings=\"{&quot;background_background&quot;:&quot;classic&quot;}\">\n\t\t<div class=\"elementor-element elementor-element-9f6352b e-con-full e-flex e-con e-child\" data-id=\"9f6352b\" data-element_type=\"container\" data-e-type=\"container\">\n\t\t\t\t<div class=\"elementor-element elementor-element-599c246 elementor-widget elementor-widget-image\" data-id=\"599c246\" data-element_type=\"widget\" data-e-type=\"widget\" data-widget_type=\"image.default\">\n\t\t\t\t<div class=\"elementor-widget-container\">\n\t\t\t\t\t\t\t\t\t\t\t\t\t\t\t<img decoding=\"async\" width=\"800\" height=\"533\" src=\"https:\/\/www.asociaciongospel.com\/wp-content\/uploads\/2025\/02\/fondoConciertos-1024x682.avif\" class=\"attachment-large size-large wp-image-1235\" alt=\"\" srcset=\"https:\/\/www.asociaciongospel.com\/wp-content\/uploads\/2025\/02\/fondoConciertos-1024x682.avif 1024w, https:\/\/www.asociaciongospel.com\/wp-content\/uploads\/2025\/02\/fondoConciertos-300x200.avif 300w, https:\/\/www.asociaciongospel.com\/wp-content\/uploads\/2025\/02\/fondoConciertos-768x512.avif 768w, https:\/\/www.asociaciongospel.com\/wp-content\/uploads\/2025\/02\/fondoConciertos.avif 1225w\" sizes=\"(max-width: 800px) 100vw, 800px\" \/>\t\t\t\t\t\t\t\t\t\t\t\t\t\t\t<\/div>\n\t\t\t\t<\/div>\n\t\t\t\t<\/div>\n\t\t<div class=\"elementor-element elementor-element-7b68077 e-con-full e-flex e-con e-child\" data-id=\"7b68077\" data-element_type=\"container\" data-e-type=\"container\">\n\t\t\t\t<div class=\"elementor-element elementor-element-dc99abf elementor-widget elementor-widget-heading\" data-id=\"dc99abf\" data-element_type=\"widget\" data-e-type=\"widget\" data-widget_type=\"heading.default\">\n\t\t\t\t<div class=\"elementor-widget-container\">\n\t\t\t\t\t<h1 class=\"elementor-heading-title elementor-size-default\">Giras y conciertos<\/h1>\t\t\t\t<\/div>\n\t\t\t\t<\/div>\n\t\t\t\t<div class=\"elementor-element elementor-element-19ed937 elementor-widget elementor-widget-text-editor\" data-id=\"19ed937\" data-element_type=\"widget\" data-e-type=\"widget\" data-widget_type=\"text-editor.default\">\n\t\t\t\t<div class=\"elementor-widget-container\">\n\t\t\t\t\t\t\t\t\t<div id=\"comp-l0nlnx4p\" class=\"HcOXKn c9GqVL QxJLC3 lq2cno YQcXTT comp-l0nlnx4p wixui-rich-text\" data-testid=\"richTextElement\"><p class=\"font_8 wixui-rich-text__text\"><span class=\"wixui-rich-text__text\">Cuando usted los escucha, observar\u00e1 que tienen la virtud de hacer una verdadera celebraci\u00f3n p\u00fablica del Evangelio. En el momento menos pensado de sus conciertos, uno se ve envuelto por una genuina explosi\u00f3n de regocijo y fiesta fuera de lo acostumbrado. Hay momentos en los que invitan a su audiencia a una animada participaci\u00f3n pidi\u00e9ndoles que les acompa\u00f1en dando palmas o realizando coreograf\u00edas improvisadas por medio de frases musicales que dirige el solista y que se repiten con variaciones. Mientras tanto, el coro realiza ecos creando un patr\u00f3n de llamadas y respuestas de forma que los oyentes no sean meros espectadores, sino parte activa de sus conciertos. \u00a0<\/span><\/p><\/div><div id=\"comp-l0nm5789\" class=\"MazNVa comp-l0nm5789 wixui-image\"><div class=\"j7pOnl\" data-testid=\"linkElement\">\u00a0<\/div><\/div>\t\t\t\t\t\t\t\t<\/div>\n\t\t\t\t<\/div>\n\t\t\t\t<\/div>\n\t\t\t\t<\/div>\n\t\t<div class=\"elementor-element elementor-element-f5609e9 e-con-full e-flex e-con e-child\" data-id=\"f5609e9\" data-element_type=\"container\" data-e-type=\"container\" data-settings=\"{&quot;background_background&quot;:&quot;classic&quot;}\">\n\t\t<div class=\"elementor-element elementor-element-0323eea e-con-full e-flex e-con e-child\" data-id=\"0323eea\" data-element_type=\"container\" data-e-type=\"container\">\n\t\t\t\t<div class=\"elementor-element elementor-element-ca5a387 elementor-widget elementor-widget-heading\" data-id=\"ca5a387\" data-element_type=\"widget\" data-e-type=\"widget\" data-widget_type=\"heading.default\">\n\t\t\t\t<div class=\"elementor-widget-container\">\n\t\t\t\t\t<h2 class=\"elementor-heading-title elementor-size-default\">Formaci\u00f3n de ni\u00f1os y j\u00f3venes<\/h2>\t\t\t\t<\/div>\n\t\t\t\t<\/div>\n\t\t\t\t<div class=\"elementor-element elementor-element-9588c9d elementor-widget elementor-widget-text-editor\" data-id=\"9588c9d\" data-element_type=\"widget\" data-e-type=\"widget\" data-widget_type=\"text-editor.default\">\n\t\t\t\t<div class=\"elementor-widget-container\">\n\t\t\t\t\t\t\t\t\t<p>Se desarrollan durante el curso acad\u00e9mico, de octubre a junio. Las clases de m\u00fasica se imparten todos los s\u00e1bados y est\u00e1 dirigido a ni\u00f1os y j\u00f3venes mayormente, aunque tambi\u00e9n hay alg\u00fan adulto que se anima a aprender.\u00a0Los instrumentos que se ense\u00f1an son: guitarra, saxof\u00f3n, piano, trompeta y viol\u00edn, siempre con el objetivo de ense\u00f1ar cu\u00e1l es la esencia y el prop\u00f3sito de la m\u00fasica g\u00f3spel. Algunos de los alumnos en el momento en que est\u00e1n preparados, pasan a ser miembros del coro aunque su formaci\u00f3n es constante.\u00a0El ambiente de los ensayos se diferencia por el respeto, la ayuda mutua y la disciplina.<\/p>\t\t\t\t\t\t\t\t<\/div>\n\t\t\t\t<\/div>\n\t\t\t\t<\/div>\n\t\t<div class=\"elementor-element elementor-element-6859391 e-con-full e-flex e-con e-child\" data-id=\"6859391\" data-element_type=\"container\" data-e-type=\"container\">\n\t\t\t\t<div class=\"elementor-element elementor-element-f92d880 elementor-widget elementor-widget-image\" data-id=\"f92d880\" data-element_type=\"widget\" data-e-type=\"widget\" data-widget_type=\"image.default\">\n\t\t\t\t<div class=\"elementor-widget-container\">\n\t\t\t\t\t\t\t\t\t\t\t\t\t\t\t<img decoding=\"async\" width=\"800\" height=\"533\" src=\"https:\/\/www.asociaciongospel.com\/wp-content\/uploads\/2025\/02\/clasesMusica.avif\" class=\"attachment-large size-large wp-image-1237\" alt=\"\" srcset=\"https:\/\/www.asociaciongospel.com\/wp-content\/uploads\/2025\/02\/clasesMusica.avif 848w, https:\/\/www.asociaciongospel.com\/wp-content\/uploads\/2025\/02\/clasesMusica-300x200.avif 300w, https:\/\/www.asociaciongospel.com\/wp-content\/uploads\/2025\/02\/clasesMusica-768x512.avif 768w\" sizes=\"(max-width: 800px) 100vw, 800px\" \/>\t\t\t\t\t\t\t\t\t\t\t\t\t\t\t<\/div>\n\t\t\t\t<\/div>\n\t\t\t\t<\/div>\n\t\t\t\t<\/div>\n\t\t<div class=\"elementor-element elementor-element-f9e9456 e-con-full e-flex e-con e-child\" data-id=\"f9e9456\" data-element_type=\"container\" data-e-type=\"container\" data-settings=\"{&quot;background_background&quot;:&quot;classic&quot;}\">\n\t\t<div class=\"elementor-element elementor-element-85de41b e-con-full e-flex e-con e-child\" data-id=\"85de41b\" data-element_type=\"container\" data-e-type=\"container\">\n\t\t\t\t<div class=\"elementor-element elementor-element-b6c0b99 elementor-widget elementor-widget-heading\" data-id=\"b6c0b99\" data-element_type=\"widget\" data-e-type=\"widget\" data-widget_type=\"heading.default\">\n\t\t\t\t<div class=\"elementor-widget-container\">\n\t\t\t\t\t<h2 class=\"elementor-heading-title elementor-size-default\">NETWORKING, COOPERACI\u00d3N Y SINERGIAS\n<\/h2>\t\t\t\t<\/div>\n\t\t\t\t<\/div>\n\t\t\t\t<div class=\"elementor-element elementor-element-20cca62 elementor-widget elementor-widget-text-editor\" data-id=\"20cca62\" data-element_type=\"widget\" data-e-type=\"widget\" data-widget_type=\"text-editor.default\">\n\t\t\t\t<div class=\"elementor-widget-container\">\n\t\t\t\t\t\t\t\t\t<p class=\"font_8 wixui-rich-text__text\"><span class=\"wixui-rich-text__text\">El Proyecto procura en todo momento combinar estilos de G\u00f3spel variados y fomentar nuevas y enriquecedoras experiencias para el grupo navarro. A tal fin, se desarrollan puntos de encuentro, convivencia e intercambio de ideas con coros G\u00f3spel: Coro Betania, Coro Joy, Coro Aleluya, Coro Luz, Coro Vida, Coro Grace, Coro Betel, Coro Ebenezer&#8230; Dentro de estos coros hay gran variedad de pa\u00edses de origen, como Europa, \u00c1frica o Latinoam\u00e9rica, lo que proporciona una gran variedad de ritmos, estilos y culturas muy enriquecedores. Y esta es una de las razones por las que el grupo mezcla diferentes estilos de G\u00f3spel. Estos puntos de encuentro y de reflexi\u00f3n se realizan a lo largo de todo el a\u00f1o, pero es sobre todo en los meses estivales de julio y agosto en los que se realizan a mayor escala y con mayor n\u00famero de participantes.\u00a0<\/span>En estas reuniones surge la oportunidad de desarrollar nuevas ideas por medio del trabajo en equipo conjunto y de que todos\/as experimenten este g\u00e9nero musical desde perspectivas diferentes. De esta manera, la calidad de la producci\u00f3n art\u00edstica alcanza niveles \u00f3ptimos por la creatividad y la eficiencia de los\/as distintos\/as artistas y por su bagaje. Estas actividades se concretan en:<\/p>\t\t\t\t\t\t\t\t<\/div>\n\t\t\t\t<\/div>\n\t\t\t\t<\/div>\n\t\t\t\t<\/div>\n\t\t<div class=\"elementor-element elementor-element-283f078 e-con-full e-flex e-con e-child\" data-id=\"283f078\" data-element_type=\"container\" data-e-type=\"container\" data-settings=\"{&quot;background_background&quot;:&quot;classic&quot;}\">\n\t\t<div class=\"elementor-element elementor-element-f0ded29 e-con-full e-flex e-con e-child\" data-id=\"f0ded29\" data-element_type=\"container\" data-e-type=\"container\">\n\t\t\t\t<div class=\"elementor-element elementor-element-dba3e20 elementor-widget elementor-widget-heading\" data-id=\"dba3e20\" data-element_type=\"widget\" data-e-type=\"widget\" data-widget_type=\"heading.default\">\n\t\t\t\t<div class=\"elementor-widget-container\">\n\t\t\t\t\t<h2 class=\"elementor-heading-title elementor-size-default\">Garajes musicales<\/h2>\t\t\t\t<\/div>\n\t\t\t\t<\/div>\n\t\t\t\t<div class=\"elementor-element elementor-element-fc1eeda elementor-widget elementor-widget-text-editor\" data-id=\"fc1eeda\" data-element_type=\"widget\" data-e-type=\"widget\" data-widget_type=\"text-editor.default\">\n\t\t\t\t<div class=\"elementor-widget-container\">\n\t\t\t\t\t\t\t\t\t<p>En julio y agosto, de lunes a jueves, se habilitan espacios dentro de la Comunidad Foral de Navarra para crear y experimentar nuevos ritmos. Es en estos espacios de interconexi\u00f3n con artistas de otras ciudades que viajan a Navarra, donde surgen las ideas innovadoras de producci\u00f3n y visibilizaci\u00f3n de las propuestas que a\u00f1o tras a\u00f1o difunde la Asociaci\u00f3n G\u00f3spel de Navarra, no como un fin en s\u00ed mismo, sino como un camino hacia la transformaci\u00f3n social.<\/p>\t\t\t\t\t\t\t\t<\/div>\n\t\t\t\t<\/div>\n\t\t\t\t<\/div>\n\t\t<div class=\"elementor-element elementor-element-12f6006 e-con-full e-flex e-con e-child\" data-id=\"12f6006\" data-element_type=\"container\" data-e-type=\"container\" data-settings=\"{&quot;background_background&quot;:&quot;classic&quot;}\">\n\t\t<div class=\"elementor-element elementor-element-6c47230 e-con-full e-flex e-con e-child\" data-id=\"6c47230\" data-element_type=\"container\" data-e-type=\"container\">\n\t\t\t\t<div class=\"elementor-element elementor-element-1b4c56c elementor-widget elementor-widget-heading\" data-id=\"1b4c56c\" data-element_type=\"widget\" data-e-type=\"widget\" data-widget_type=\"heading.default\">\n\t\t\t\t<div class=\"elementor-widget-container\">\n\t\t\t\t\t<h2 class=\"elementor-heading-title elementor-size-default\">Gira<\/h2>\t\t\t\t<\/div>\n\t\t\t\t<\/div>\n\t\t\t\t<div class=\"elementor-element elementor-element-2c4fa4b elementor-widget elementor-widget-text-editor\" data-id=\"2c4fa4b\" data-element_type=\"widget\" data-e-type=\"widget\" data-widget_type=\"text-editor.default\">\n\t\t\t\t<div class=\"elementor-widget-container\">\n\t\t\t\t\t\t\t\t\t<div id=\"comp-l44czj7h\" class=\"HcOXKn c9GqVL QxJLC3 lq2cno YQcXTT comp-l44czj7h wixui-rich-text\" data-testid=\"richTextElement\"><blockquote class=\"font_8 wixui-rich-text__text\"><p class=\"font_8 wixui-rich-text__text\"><span class=\"wixui-rich-text__text\">Los fines de semana de julio y agosto se viaja a las CC.AA. de los coros con los que se colabora para profundizar en estas experiencias de colaboraci\u00f3n y enriquecimiento mutuo. Estos viajes culminan con un concierto G\u00f3spel conjunto en el que m\u00fasicos y voces de los diferentes grupos se funden como uno solo para difundir la alegr\u00eda y los valores que caracterizan al G\u00f3spel, en este caso con el sello navarro.<\/span><\/p><\/blockquote><\/div>\t\t\t\t\t\t\t\t<\/div>\n\t\t\t\t<\/div>\n\t\t\t\t<\/div>\n\t\t\t\t<\/div>\n\t\t\t\t<\/div>\n\t\t\t\t<\/div>\n\t\t\t\t\t<\/div>\n\t\t\t\t<\/div>\n\t\t\t\t<\/div>\n\t\t","protected":false},"excerpt":{"rendered":"<p>Actividades Con el fin de cumplir la misi\u00f3n y valores de la asociaci\u00f3n se llevan a cabo 3 diferentes actividades: Ensayos y formaci\u00f3n del coro La formaci\u00f3n musical es tanto para las voces como para los m\u00fasicos.\u00a0Los componentes del grupo se ejercitan en t\u00e9cnicas de respiraci\u00f3n e interpretaci\u00f3n; en conocer lineamientos b\u00e1sicos de lenguaje musical; [&hellip;]<\/p>\n","protected":false},"author":1,"featured_media":0,"parent":0,"menu_order":0,"comment_status":"closed","ping_status":"closed","template":"","meta":{"footnotes":""},"class_list":["post-278","page","type-page","status-publish","hentry"],"_links":{"self":[{"href":"https:\/\/www.asociaciongospel.com\/index.php\/wp-json\/wp\/v2\/pages\/278","targetHints":{"allow":["GET"]}}],"collection":[{"href":"https:\/\/www.asociaciongospel.com\/index.php\/wp-json\/wp\/v2\/pages"}],"about":[{"href":"https:\/\/www.asociaciongospel.com\/index.php\/wp-json\/wp\/v2\/types\/page"}],"author":[{"embeddable":true,"href":"https:\/\/www.asociaciongospel.com\/index.php\/wp-json\/wp\/v2\/users\/1"}],"replies":[{"embeddable":true,"href":"https:\/\/www.asociaciongospel.com\/index.php\/wp-json\/wp\/v2\/comments?post=278"}],"version-history":[{"count":41,"href":"https:\/\/www.asociaciongospel.com\/index.php\/wp-json\/wp\/v2\/pages\/278\/revisions"}],"predecessor-version":[{"id":2108,"href":"https:\/\/www.asociaciongospel.com\/index.php\/wp-json\/wp\/v2\/pages\/278\/revisions\/2108"}],"wp:attachment":[{"href":"https:\/\/www.asociaciongospel.com\/index.php\/wp-json\/wp\/v2\/media?parent=278"}],"curies":[{"name":"wp","href":"https:\/\/api.w.org\/{rel}","templated":true}]}}